{"id":742,"date":"2026-04-03T10:14:11","date_gmt":"2026-04-03T09:14:11","guid":{"rendered":"https:\/\/compasstogether.sk\/?page_id=742"},"modified":"2026-04-03T10:27:55","modified_gmt":"2026-04-03T09:27:55","slug":"referencie-za-rok-2025","status":"publish","type":"page","link":"https:\/\/compasstogether.sk\/?page_id=742","title":{"rendered":"Referencie za rok 2025"},"content":{"rendered":"<p>&nbsp;<\/p>\n<table style=\"border-collapse: collapse; width: 68.1664%; height: 160px;\">\n<tbody>\n<tr style=\"height: 24px;\">\n<td style=\"width: 87.715%; height: 10px; text-align: left;\">\u00darad pr\u00e1ce, soci\u00e1lnych vec\u00ed a rodiny <strong>Galanta<\/strong><\/td>\n<td style=\"width: 44.9996%; height: 10px; text-align: center;\"><a href=\"https:\/\/compasstogether.sk\/wp-content\/uploads\/2026\/04\/Ref_2025_Galanta.pdf\"><img decoding=\"async\" loading=\"lazy\" class=\"aligncenter\" src=\"https:\/\/compasstogether.sk\/wp-content\/uploads\/2020\/02\/pdf.jpg\" alt=\"\" width=\"50\" height=\"50\" \/><\/a><\/td>\n<\/tr>\n<tr style=\"height: 24px;\">\n<td style=\"width: 87.715%; height: 10px; text-align: left;\">\u00darad pr\u00e1ce, soci\u00e1lnych vec\u00ed a rodiny <strong>Kom\u00e1rno<\/strong><\/td>\n<td style=\"width: 44.9996%; height: 10px; text-align: center;\"><a href=\"https:\/\/compasstogether.sk\/wp-content\/uploads\/2026\/04\/Ref_2025_Komarno.pdf\"><img decoding=\"async\" loading=\"lazy\" class=\"aligncenter\" src=\"https:\/\/compasstogether.sk\/wp-content\/uploads\/2020\/02\/pdf.jpg\" alt=\"\" width=\"50\" height=\"50\" \/><\/a><\/td>\n<\/tr>\n<tr style=\"height: 24px;\">\n<td style=\"width: 87.715%; height: 24px; text-align: left;\">\u00darad pr\u00e1ce, soci\u00e1lnych vec\u00ed a rodiny <strong>Kom\u00e1rno<\/strong><\/td>\n<td style=\"width: 44.9996%; height: 24px; text-align: center;\"><a href=\"https:\/\/compasstogether.sk\/wp-content\/uploads\/2026\/04\/Ref_2025_Komarno2.pdf\"><img decoding=\"async\" loading=\"lazy\" class=\"aligncenter\" src=\"https:\/\/compasstogether.sk\/wp-content\/uploads\/2020\/02\/pdf.jpg\" alt=\"\" width=\"50\" height=\"50\" \/><\/a><\/td>\n<\/tr>\n<tr style=\"height: 24px;\">\n<td style=\"width: 87.715%; height: 24px; text-align: left;\">\u00darad pr\u00e1ce, soci\u00e1lnych vec\u00ed a rodiny <strong>Martin<\/strong><\/td>\n<td style=\"width: 44.9996%; height: 24px; text-align: center;\"><a href=\"https:\/\/compasstogether.sk\/wp-content\/uploads\/2026\/04\/Ref_2025_Martin.pdf\"><img decoding=\"async\" loading=\"lazy\" class=\"aligncenter\" src=\"https:\/\/compasstogether.sk\/wp-content\/uploads\/2020\/02\/pdf.jpg\" alt=\"\" width=\"50\" height=\"50\" \/><\/a><\/td>\n<\/tr>\n<tr style=\"height: 24px;\">\n<td style=\"width: 87.715%; height: 24px; text-align: left;\">\u00darad pr\u00e1ce, soci\u00e1lnych vec\u00ed a rodiny <strong>Nitra<\/strong><\/td>\n<td style=\"width: 44.9996%; height: 24px; text-align: center;\"><a href=\"https:\/\/compasstogether.sk\/wp-content\/uploads\/2026\/04\/Ref_2025_Nitra.pdf\"><img decoding=\"async\" loading=\"lazy\" class=\"aligncenter\" src=\"https:\/\/compasstogether.sk\/wp-content\/uploads\/2020\/02\/pdf.jpg\" alt=\"\" width=\"50\" height=\"50\" \/><\/a><\/td>\n<\/tr>\n<tr style=\"height: 24px;\">\n<td style=\"width: 87.715%; height: 24px; text-align: left;\">\u00darad pr\u00e1ce, soci\u00e1lnych vec\u00ed a rodiny <strong>Pova\u017esk\u00e1 Bystrica<\/strong><\/td>\n<td style=\"width: 44.9996%; height: 24px; text-align: center;\"><a href=\"https:\/\/compasstogether.sk\/wp-content\/uploads\/2026\/04\/Ref_2025_PovazskaBystrica.pdf\"><img decoding=\"async\" loading=\"lazy\" class=\"aligncenter\" src=\"https:\/\/compasstogether.sk\/wp-content\/uploads\/2020\/02\/pdf.jpg\" alt=\"\" width=\"50\" height=\"50\" \/><\/a><\/td>\n<\/tr>\n<tr style=\"height: 24px;\">\n<td style=\"width: 87.715%; height: 24px; text-align: left;\">\u00darad pr\u00e1ce, soci\u00e1lnych vec\u00ed a rodiny <strong>Ru\u017eomberok<\/strong><\/td>\n<td style=\"width: 44.9996%; height: 24px; text-align: center;\"><a href=\"https:\/\/compasstogether.sk\/wp-content\/uploads\/2026\/04\/Ref_2025_Ruzomberok.pdf\"><img decoding=\"async\" loading=\"lazy\" class=\"aligncenter\" src=\"https:\/\/compasstogether.sk\/wp-content\/uploads\/2020\/02\/pdf.jpg\" alt=\"\" width=\"50\" height=\"50\" \/><\/a><\/td>\n<\/tr>\n<tr style=\"height: 24px;\">\n<td style=\"width: 87.715%; height: 24px; text-align: left;\">\u00darad pr\u00e1ce, soci\u00e1lnych vec\u00ed a rodiny <strong>Tren\u010d\u00edn<\/strong><\/td>\n<td style=\"width: 44.9996%; height: 24px; text-align: center;\"><a href=\"https:\/\/compasstogether.sk\/wp-content\/uploads\/2026\/04\/Ref_2025_Trencin.pdf\"><img decoding=\"async\" loading=\"lazy\" class=\"aligncenter\" src=\"https:\/\/compasstogether.sk\/wp-content\/uploads\/2020\/02\/pdf.jpg\" alt=\"\" width=\"50\" height=\"50\" \/><\/a><\/td>\n<\/tr>\n<tr style=\"height: 24px;\">\n<td style=\"width: 87.715%; height: 24px; text-align: left;\">\u00darad pr\u00e1ce, soci\u00e1lnych vec\u00ed a rodiny <strong>Trnava<\/strong><\/td>\n<td style=\"width: 44.9996%; height: 24px; text-align: center;\"><a href=\"https:\/\/compasstogether.sk\/wp-content\/uploads\/2026\/04\/Ref_2025_Trnava.pdf\"><img decoding=\"async\" loading=\"lazy\" class=\"aligncenter\" src=\"https:\/\/compasstogether.sk\/wp-content\/uploads\/2020\/02\/pdf.jpg\" alt=\"\" width=\"50\" height=\"50\" \/><\/a><\/td>\n<\/tr>\n<\/tbody>\n<\/table>\n","protected":false},"excerpt":{"rendered":"<p>&nbsp; \u00darad pr\u00e1ce, soci\u00e1lnych vec\u00ed a rodiny Galanta \u00darad pr\u00e1ce, soci\u00e1lnych vec\u00ed a rodiny Kom\u00e1rno \u00darad pr\u00e1ce, soci\u00e1lnych vec\u00ed a rodiny Kom\u00e1rno \u00darad pr\u00e1ce, soci\u00e1lnych vec\u00ed a rodiny Martin \u00darad pr\u00e1ce, soci\u00e1lnych vec\u00ed a rodiny Nitra \u00darad pr\u00e1ce, soci\u00e1lnych vec\u00ed a rodiny Pova\u017esk\u00e1 Bystrica \u00darad pr\u00e1ce, soci\u00e1lnych vec\u00ed a rodiny Ru\u017eomberok \u00darad pr\u00e1ce, soci\u00e1lnych vec\u00ed [&hellip;]<\/p>\n","protected":false},"author":1,"featured_media":0,"parent":215,"menu_order":0,"comment_status":"closed","ping_status":"closed","template":"","meta":[],"_links":{"self":[{"href":"https:\/\/compasstogether.sk\/index.php?rest_route=\/wp\/v2\/pages\/742"}],"collection":[{"href":"https:\/\/compasstogether.sk\/index.php?rest_route=\/wp\/v2\/pages"}],"about":[{"href":"https:\/\/compasstogether.sk\/index.php?rest_route=\/wp\/v2\/types\/page"}],"author":[{"embeddable":true,"href":"https:\/\/compasstogether.sk\/index.php?rest_route=\/wp\/v2\/users\/1"}],"replies":[{"embeddable":true,"href":"https:\/\/compasstogether.sk\/index.php?rest_route=%2Fwp%2Fv2%2Fcomments&post=742"}],"version-history":[{"count":3,"href":"https:\/\/compasstogether.sk\/index.php?rest_route=\/wp\/v2\/pages\/742\/revisions"}],"predecessor-version":[{"id":746,"href":"https:\/\/compasstogether.sk\/index.php?rest_route=\/wp\/v2\/pages\/742\/revisions\/746"}],"up":[{"embeddable":true,"href":"https:\/\/compasstogether.sk\/index.php?rest_route=\/wp\/v2\/pages\/215"}],"wp:attachment":[{"href":"https:\/\/compasstogether.sk\/index.php?rest_route=%2Fwp%2Fv2%2Fmedia&parent=742"}],"curies":[{"name":"wp","href":"https:\/\/api.w.org\/{rel}","templated":true}]}}