{"id":172,"date":"2020-02-18T09:10:02","date_gmt":"2020-02-18T08:10:02","guid":{"rendered":"https:\/\/compasstogether.sk\/?page_id=172"},"modified":"2020-02-25T22:34:28","modified_gmt":"2020-02-25T21:34:28","slug":"citat","status":"publish","type":"page","link":"https:\/\/compasstogether.sk\/","title":{"rendered":"\u00davod"},"content":{"rendered":"<p>&nbsp;<\/p>\n<p>&nbsp;<\/p>\n<p style=\"text-align: center;\"><em><span style=\"font-size: 14pt;\">\u201e<\/span><span style=\"font-size: 14pt;\">Prirodzenos\u0165 si \u017eiada, aby \u010dlovek pom\u00e1hal \u010dloveku, nech je to ktoko\u013evek, u\u017e len preto, \u017ee je to \u010dlovek.<\/span><span style=\"font-size: 14pt;\">\u201c <\/span><\/em><\/p>\n<p>&nbsp;<\/p>\n<p style=\"text-align: right;\"><em><span style=\"font-size: 14pt;\">Marcus Tullius Cicero<\/span><\/em><\/p>\n","protected":false},"excerpt":{"rendered":"<p>&nbsp; &nbsp; \u201ePrirodzenos\u0165 si \u017eiada, aby \u010dlovek pom\u00e1hal \u010dloveku, nech je to ktoko\u013evek, u\u017e len preto, \u017ee je to \u010dlovek.\u201c &nbsp; Marcus Tullius Cicero<\/p>\n","protected":false},"author":1,"featured_media":0,"parent":0,"menu_order":0,"comment_status":"closed","ping_status":"closed","template":"","meta":[],"_links":{"self":[{"href":"https:\/\/compasstogether.sk\/index.php?rest_route=\/wp\/v2\/pages\/172"}],"collection":[{"href":"https:\/\/compasstogether.sk\/index.php?rest_route=\/wp\/v2\/pages"}],"about":[{"href":"https:\/\/compasstogether.sk\/index.php?rest_route=\/wp\/v2\/types\/page"}],"author":[{"embeddable":true,"href":"https:\/\/compasstogether.sk\/index.php?rest_route=\/wp\/v2\/users\/1"}],"replies":[{"embeddable":true,"href":"https:\/\/compasstogether.sk\/index.php?rest_route=%2Fwp%2Fv2%2Fcomments&post=172"}],"version-history":[{"count":21,"href":"https:\/\/compasstogether.sk\/index.php?rest_route=\/wp\/v2\/pages\/172\/revisions"}],"predecessor-version":[{"id":634,"href":"https:\/\/compasstogether.sk\/index.php?rest_route=\/wp\/v2\/pages\/172\/revisions\/634"}],"wp:attachment":[{"href":"https:\/\/compasstogether.sk\/index.php?rest_route=%2Fwp%2Fv2%2Fmedia&parent=172"}],"curies":[{"name":"wp","href":"https:\/\/api.w.org\/{rel}","templated":true}]}}